{"id":178,"date":"2021-11-16T18:29:41","date_gmt":"2021-11-16T17:29:41","guid":{"rendered":"https:\/\/virgina.ms.decms.eu\/services\/salle-de-reunion\/"},"modified":"2023-04-12T17:31:53","modified_gmt":"2023-04-12T15:31:53","slug":"meeting-room","status":"publish","type":"page","link":"https:\/\/www.hotelvirgina.com\/en\/services\/meeting-room\/","title":{"rendered":"Meeting room"},"content":{"rendered":"<p>Want to organise a business meeting or continue negotiations after a trade fair?<br \/>\nTake advantage of an equipped and pleasant space within our establishment.<\/p>\n<p>Our meeting room is available at a rate of <strong>285\u20ac\/day<\/strong><\/p>\n<p>Capacity: 12 people<\/p>\n<p>Equipment: Wi-Fi, flipchart (with a supplement of <strong>80\u20ac\/day<\/strong>, a video projector with a screen is available).<\/p>\n<p>Catering: coffee break &amp; pastries at <strong>10\u20ac\/person<\/strong><\/p>\n<p>Reservation &amp; questions at +33 (0)1 45 40 70 90 or by e-mail at reservation@hotelvirgina.com<\/p>\n<p>&nbsp;<\/p>\n<p>&nbsp;<\/p>\n","protected":false},"excerpt":{"rendered":"<p>Want to organise a business meeting or continue negotiations after a trade fair? Take advantage of an equipped and pleasant space within our establishment. Our meeting room is available at a rate of 285\u20ac\/day Capacity: 12 people Equipment: Wi-Fi, flipchart (with a supplement of 80\u20ac\/day, a video projector with a screen is available). Catering: coffee [&hellip;]<\/p>\n","protected":false},"author":5,"featured_media":0,"parent":174,"menu_order":0,"comment_status":"closed","ping_status":"closed","template":"template-default-3.php","meta":{"footnotes":""},"class_list":["post-178","page","type-page","status-publish","hentry"],"yoast_head":"<!-- This site is optimized with the Yoast SEO plugin v26.9 - https:\/\/yoast.com\/product\/yoast-seo-wordpress\/ -->\n<title>H\u00f4tel Virgina | H\u00f4tel 3 Etoiles Paris 14\u00e8me | R\u00e9union<\/title>\n<meta name=\"description\" content=\"Organisez des r\u00e9unions r\u00e9ussies \u00e0 l&#039;h\u00f4tel Virgina.\" \/>\n<meta name=\"robots\" content=\"noindex, follow\" \/>\n<meta property=\"og:locale\" content=\"en_US\" \/>\n<meta property=\"og:type\" content=\"article\" \/>\n<meta property=\"og:title\" content=\"H\u00f4tel Virgina | H\u00f4tel 3 Etoiles Paris 14\u00e8me | R\u00e9union\" \/>\n<meta property=\"og:description\" content=\"Organisez des r\u00e9unions r\u00e9ussies \u00e0 l&#039;h\u00f4tel Virgina.\" \/>\n<meta property=\"og:url\" content=\"https:\/\/www.hotelvirgina.com\/en\/services\/meeting-room\/\" \/>\n<meta property=\"og:site_name\" content=\"H\u00f4tel Virgina Paris\" \/>\n<meta property=\"article:modified_time\" content=\"2023-04-12T15:31:53+00:00\" \/>\n<meta name=\"twitter:card\" content=\"summary_large_image\" \/>\n<meta name=\"twitter:label1\" content=\"Est. reading time\" \/>\n\t<meta name=\"twitter:data1\" content=\"1 minute\" \/>\n<script type=\"application\/ld+json\" class=\"yoast-schema-graph\">{\"@context\":\"https:\/\/schema.org\",\"@graph\":[{\"@type\":\"WebPage\",\"@id\":\"https:\/\/www.hotelvirgina.com\/en\/services\/meeting-room\/\",\"url\":\"https:\/\/www.hotelvirgina.com\/en\/services\/meeting-room\/\",\"name\":\"H\u00f4tel Virgina | H\u00f4tel 3 Etoiles Paris 14\u00e8me | R\u00e9union\",\"isPartOf\":{\"@id\":\"https:\/\/www.hotelvirgina.com\/en\/#website\"},\"datePublished\":\"2021-11-16T17:29:41+00:00\",\"dateModified\":\"2023-04-12T15:31:53+00:00\",\"description\":\"Organisez des r\u00e9unions r\u00e9ussies \u00e0 l'h\u00f4tel Virgina.\",\"breadcrumb\":{\"@id\":\"https:\/\/www.hotelvirgina.com\/en\/services\/meeting-room\/#breadcrumb\"},\"inLanguage\":\"en-US\",\"potentialAction\":[{\"@type\":\"ReadAction\",\"target\":[\"https:\/\/www.hotelvirgina.com\/en\/services\/meeting-room\/\"]}]},{\"@type\":\"BreadcrumbList\",\"@id\":\"https:\/\/www.hotelvirgina.com\/en\/services\/meeting-room\/#breadcrumb\",\"itemListElement\":[{\"@type\":\"ListItem\",\"position\":1,\"name\":\"Accueil\",\"item\":\"https:\/\/www.hotelvirgina.com\/en\/\"},{\"@type\":\"ListItem\",\"position\":2,\"name\":\"Services\",\"item\":\"https:\/\/www.hotelvirgina.com\/en\/services\/\"},{\"@type\":\"ListItem\",\"position\":3,\"name\":\"Meeting room\"}]},{\"@type\":\"WebSite\",\"@id\":\"https:\/\/www.hotelvirgina.com\/en\/#website\",\"url\":\"https:\/\/www.hotelvirgina.com\/en\/\",\"name\":\"H\u00f4tel Virgina Paris\",\"description\":\"Un site utilisant ms.decms.eu\",\"potentialAction\":[{\"@type\":\"SearchAction\",\"target\":{\"@type\":\"EntryPoint\",\"urlTemplate\":\"https:\/\/www.hotelvirgina.com\/en\/?s={search_term_string}\"},\"query-input\":{\"@type\":\"PropertyValueSpecification\",\"valueRequired\":true,\"valueName\":\"search_term_string\"}}],\"inLanguage\":\"en-US\"}]}<\/script>\n<!-- \/ Yoast SEO plugin. -->","yoast_head_json":{"title":"H\u00f4tel Virgina | H\u00f4tel 3 Etoiles Paris 14\u00e8me | R\u00e9union","description":"Organisez des r\u00e9unions r\u00e9ussies \u00e0 l'h\u00f4tel Virgina.","robots":{"index":"noindex","follow":"follow"},"og_locale":"en_US","og_type":"article","og_title":"H\u00f4tel Virgina | H\u00f4tel 3 Etoiles Paris 14\u00e8me | R\u00e9union","og_description":"Organisez des r\u00e9unions r\u00e9ussies \u00e0 l'h\u00f4tel Virgina.","og_url":"https:\/\/www.hotelvirgina.com\/en\/services\/meeting-room\/","og_site_name":"H\u00f4tel Virgina Paris","article_modified_time":"2023-04-12T15:31:53+00:00","twitter_card":"summary_large_image","twitter_misc":{"Est. reading time":"1 minute"},"schema":{"@context":"https:\/\/schema.org","@graph":[{"@type":"WebPage","@id":"https:\/\/www.hotelvirgina.com\/en\/services\/meeting-room\/","url":"https:\/\/www.hotelvirgina.com\/en\/services\/meeting-room\/","name":"H\u00f4tel Virgina | H\u00f4tel 3 Etoiles Paris 14\u00e8me | R\u00e9union","isPartOf":{"@id":"https:\/\/www.hotelvirgina.com\/en\/#website"},"datePublished":"2021-11-16T17:29:41+00:00","dateModified":"2023-04-12T15:31:53+00:00","description":"Organisez des r\u00e9unions r\u00e9ussies \u00e0 l'h\u00f4tel Virgina.","breadcrumb":{"@id":"https:\/\/www.hotelvirgina.com\/en\/services\/meeting-room\/#breadcrumb"},"inLanguage":"en-US","potentialAction":[{"@type":"ReadAction","target":["https:\/\/www.hotelvirgina.com\/en\/services\/meeting-room\/"]}]},{"@type":"BreadcrumbList","@id":"https:\/\/www.hotelvirgina.com\/en\/services\/meeting-room\/#breadcrumb","itemListElement":[{"@type":"ListItem","position":1,"name":"Accueil","item":"https:\/\/www.hotelvirgina.com\/en\/"},{"@type":"ListItem","position":2,"name":"Services","item":"https:\/\/www.hotelvirgina.com\/en\/services\/"},{"@type":"ListItem","position":3,"name":"Meeting room"}]},{"@type":"WebSite","@id":"https:\/\/www.hotelvirgina.com\/en\/#website","url":"https:\/\/www.hotelvirgina.com\/en\/","name":"H\u00f4tel Virgina Paris","description":"Un site utilisant ms.decms.eu","potentialAction":[{"@type":"SearchAction","target":{"@type":"EntryPoint","urlTemplate":"https:\/\/www.hotelvirgina.com\/en\/?s={search_term_string}"},"query-input":{"@type":"PropertyValueSpecification","valueRequired":true,"valueName":"search_term_string"}}],"inLanguage":"en-US"}]}},"acf":[],"_links":{"self":[{"href":"https:\/\/www.hotelvirgina.com\/en\/wp-json\/wp\/v2\/pages\/178","targetHints":{"allow":["GET"]}}],"collection":[{"href":"https:\/\/www.hotelvirgina.com\/en\/wp-json\/wp\/v2\/pages"}],"about":[{"href":"https:\/\/www.hotelvirgina.com\/en\/wp-json\/wp\/v2\/types\/page"}],"author":[{"embeddable":true,"href":"https:\/\/www.hotelvirgina.com\/en\/wp-json\/wp\/v2\/users\/5"}],"replies":[{"embeddable":true,"href":"https:\/\/www.hotelvirgina.com\/en\/wp-json\/wp\/v2\/comments?post=178"}],"version-history":[{"count":0,"href":"https:\/\/www.hotelvirgina.com\/en\/wp-json\/wp\/v2\/pages\/178\/revisions"}],"up":[{"embeddable":true,"href":"https:\/\/www.hotelvirgina.com\/en\/wp-json\/wp\/v2\/pages\/174"}],"wp:attachment":[{"href":"https:\/\/www.hotelvirgina.com\/en\/wp-json\/wp\/v2\/media?parent=178"}],"curies":[{"name":"wp","href":"https:\/\/api.w.org\/{rel}","templated":true}]}}