{"id":177,"date":"2021-11-19T15:51:54","date_gmt":"2021-11-19T14:51:54","guid":{"rendered":"https:\/\/virgina.ms.decms.eu\/services\/petit-dejeuner-continental\/"},"modified":"2024-05-30T15:35:18","modified_gmt":"2024-05-30T13:35:18","slug":"continental-breakfast","status":"publish","type":"page","link":"https:\/\/www.hotelvirgina.com\/en\/services\/continental-breakfast\/","title":{"rendered":"Breakfast Buffet"},"content":{"rendered":"<p>Our staff will be happy to serve breakfast from 07:00 to 10:00. You will find a wide variety of fresh products on our buffet: cold cuts, cheese, cereals, fruit juice, and fresh fruit to accompany your hot drink and pastries.<\/p>\n<p>Whatever your choice, our smiling staff will be there to give you a pleasant start to your day.<\/p>\n<p>Price of breakfast: 16\u20ac\/day<\/p>\n<p><i>Please note that from 26\/07\/2024 to 11\/08\/2024, the price will be \u20ac20\/day.<\/i><\/p>\n","protected":false},"excerpt":{"rendered":"<p>Our staff will be happy to serve breakfast from 07:00 to 10:00. You will find a wide variety of fresh products on our buffet: cold cuts, cheese, cereals, fruit juice, and fresh fruit to accompany your hot drink and pastries. Whatever your choice, our smiling staff will be there to give you a pleasant start [&hellip;]<\/p>\n","protected":false},"author":5,"featured_media":0,"parent":174,"menu_order":0,"comment_status":"closed","ping_status":"closed","template":"template-default-3.php","meta":{"footnotes":""},"class_list":["post-177","page","type-page","status-publish","hentry"],"yoast_head":"<!-- This site is optimized with the Yoast SEO plugin v26.9 - https:\/\/yoast.com\/product\/yoast-seo-wordpress\/ -->\n<title>H\u00f4tel Virgina | H\u00f4tel 3 Etoiles Paris 14\u00e8me | Petit-d\u00e9jeuner<\/title>\n<meta name=\"description\" content=\"D\u00e9marrez bien votre journ\u00e9e avec un bon petit d\u00e9jeuner \u00e0 l&#039;h\u00f4tel Virgina.\" \/>\n<meta name=\"robots\" content=\"noindex, follow\" \/>\n<meta property=\"og:locale\" content=\"en_US\" \/>\n<meta property=\"og:type\" content=\"article\" \/>\n<meta property=\"og:title\" content=\"H\u00f4tel Virgina | H\u00f4tel 3 Etoiles Paris 14\u00e8me | Petit-d\u00e9jeuner\" \/>\n<meta property=\"og:description\" content=\"D\u00e9marrez bien votre journ\u00e9e avec un bon petit d\u00e9jeuner \u00e0 l&#039;h\u00f4tel Virgina.\" \/>\n<meta property=\"og:url\" content=\"https:\/\/www.hotelvirgina.com\/en\/services\/continental-breakfast\/\" \/>\n<meta property=\"og:site_name\" content=\"H\u00f4tel Virgina Paris\" \/>\n<meta property=\"article:modified_time\" content=\"2024-05-30T13:35:18+00:00\" \/>\n<meta name=\"twitter:card\" content=\"summary_large_image\" \/>\n<meta name=\"twitter:label1\" content=\"Est. reading time\" \/>\n\t<meta name=\"twitter:data1\" content=\"1 minute\" \/>\n<script type=\"application\/ld+json\" class=\"yoast-schema-graph\">{\"@context\":\"https:\/\/schema.org\",\"@graph\":[{\"@type\":\"WebPage\",\"@id\":\"https:\/\/www.hotelvirgina.com\/en\/services\/continental-breakfast\/\",\"url\":\"https:\/\/www.hotelvirgina.com\/en\/services\/continental-breakfast\/\",\"name\":\"H\u00f4tel Virgina | H\u00f4tel 3 Etoiles Paris 14\u00e8me | Petit-d\u00e9jeuner\",\"isPartOf\":{\"@id\":\"https:\/\/www.hotelvirgina.com\/en\/#website\"},\"datePublished\":\"2021-11-19T14:51:54+00:00\",\"dateModified\":\"2024-05-30T13:35:18+00:00\",\"description\":\"D\u00e9marrez bien votre journ\u00e9e avec un bon petit d\u00e9jeuner \u00e0 l'h\u00f4tel Virgina.\",\"breadcrumb\":{\"@id\":\"https:\/\/www.hotelvirgina.com\/en\/services\/continental-breakfast\/#breadcrumb\"},\"inLanguage\":\"en-US\",\"potentialAction\":[{\"@type\":\"ReadAction\",\"target\":[\"https:\/\/www.hotelvirgina.com\/en\/services\/continental-breakfast\/\"]}]},{\"@type\":\"BreadcrumbList\",\"@id\":\"https:\/\/www.hotelvirgina.com\/en\/services\/continental-breakfast\/#breadcrumb\",\"itemListElement\":[{\"@type\":\"ListItem\",\"position\":1,\"name\":\"Accueil\",\"item\":\"https:\/\/www.hotelvirgina.com\/en\/\"},{\"@type\":\"ListItem\",\"position\":2,\"name\":\"Services\",\"item\":\"https:\/\/www.hotelvirgina.com\/en\/services\/\"},{\"@type\":\"ListItem\",\"position\":3,\"name\":\"Breakfast Buffet\"}]},{\"@type\":\"WebSite\",\"@id\":\"https:\/\/www.hotelvirgina.com\/en\/#website\",\"url\":\"https:\/\/www.hotelvirgina.com\/en\/\",\"name\":\"H\u00f4tel Virgina Paris\",\"description\":\"Un site utilisant ms.decms.eu\",\"potentialAction\":[{\"@type\":\"SearchAction\",\"target\":{\"@type\":\"EntryPoint\",\"urlTemplate\":\"https:\/\/www.hotelvirgina.com\/en\/?s={search_term_string}\"},\"query-input\":{\"@type\":\"PropertyValueSpecification\",\"valueRequired\":true,\"valueName\":\"search_term_string\"}}],\"inLanguage\":\"en-US\"}]}<\/script>\n<!-- \/ Yoast SEO plugin. -->","yoast_head_json":{"title":"H\u00f4tel Virgina | H\u00f4tel 3 Etoiles Paris 14\u00e8me | Petit-d\u00e9jeuner","description":"D\u00e9marrez bien votre journ\u00e9e avec un bon petit d\u00e9jeuner \u00e0 l'h\u00f4tel Virgina.","robots":{"index":"noindex","follow":"follow"},"og_locale":"en_US","og_type":"article","og_title":"H\u00f4tel Virgina | H\u00f4tel 3 Etoiles Paris 14\u00e8me | Petit-d\u00e9jeuner","og_description":"D\u00e9marrez bien votre journ\u00e9e avec un bon petit d\u00e9jeuner \u00e0 l'h\u00f4tel Virgina.","og_url":"https:\/\/www.hotelvirgina.com\/en\/services\/continental-breakfast\/","og_site_name":"H\u00f4tel Virgina Paris","article_modified_time":"2024-05-30T13:35:18+00:00","twitter_card":"summary_large_image","twitter_misc":{"Est. reading time":"1 minute"},"schema":{"@context":"https:\/\/schema.org","@graph":[{"@type":"WebPage","@id":"https:\/\/www.hotelvirgina.com\/en\/services\/continental-breakfast\/","url":"https:\/\/www.hotelvirgina.com\/en\/services\/continental-breakfast\/","name":"H\u00f4tel Virgina | H\u00f4tel 3 Etoiles Paris 14\u00e8me | Petit-d\u00e9jeuner","isPartOf":{"@id":"https:\/\/www.hotelvirgina.com\/en\/#website"},"datePublished":"2021-11-19T14:51:54+00:00","dateModified":"2024-05-30T13:35:18+00:00","description":"D\u00e9marrez bien votre journ\u00e9e avec un bon petit d\u00e9jeuner \u00e0 l'h\u00f4tel Virgina.","breadcrumb":{"@id":"https:\/\/www.hotelvirgina.com\/en\/services\/continental-breakfast\/#breadcrumb"},"inLanguage":"en-US","potentialAction":[{"@type":"ReadAction","target":["https:\/\/www.hotelvirgina.com\/en\/services\/continental-breakfast\/"]}]},{"@type":"BreadcrumbList","@id":"https:\/\/www.hotelvirgina.com\/en\/services\/continental-breakfast\/#breadcrumb","itemListElement":[{"@type":"ListItem","position":1,"name":"Accueil","item":"https:\/\/www.hotelvirgina.com\/en\/"},{"@type":"ListItem","position":2,"name":"Services","item":"https:\/\/www.hotelvirgina.com\/en\/services\/"},{"@type":"ListItem","position":3,"name":"Breakfast Buffet"}]},{"@type":"WebSite","@id":"https:\/\/www.hotelvirgina.com\/en\/#website","url":"https:\/\/www.hotelvirgina.com\/en\/","name":"H\u00f4tel Virgina Paris","description":"Un site utilisant ms.decms.eu","potentialAction":[{"@type":"SearchAction","target":{"@type":"EntryPoint","urlTemplate":"https:\/\/www.hotelvirgina.com\/en\/?s={search_term_string}"},"query-input":{"@type":"PropertyValueSpecification","valueRequired":true,"valueName":"search_term_string"}}],"inLanguage":"en-US"}]}},"acf":[],"_links":{"self":[{"href":"https:\/\/www.hotelvirgina.com\/en\/wp-json\/wp\/v2\/pages\/177","targetHints":{"allow":["GET"]}}],"collection":[{"href":"https:\/\/www.hotelvirgina.com\/en\/wp-json\/wp\/v2\/pages"}],"about":[{"href":"https:\/\/www.hotelvirgina.com\/en\/wp-json\/wp\/v2\/types\/page"}],"author":[{"embeddable":true,"href":"https:\/\/www.hotelvirgina.com\/en\/wp-json\/wp\/v2\/users\/5"}],"replies":[{"embeddable":true,"href":"https:\/\/www.hotelvirgina.com\/en\/wp-json\/wp\/v2\/comments?post=177"}],"version-history":[{"count":0,"href":"https:\/\/www.hotelvirgina.com\/en\/wp-json\/wp\/v2\/pages\/177\/revisions"}],"up":[{"embeddable":true,"href":"https:\/\/www.hotelvirgina.com\/en\/wp-json\/wp\/v2\/pages\/174"}],"wp:attachment":[{"href":"https:\/\/www.hotelvirgina.com\/en\/wp-json\/wp\/v2\/media?parent=177"}],"curies":[{"name":"wp","href":"https:\/\/api.w.org\/{rel}","templated":true}]}}