{"id":175,"date":"2021-11-19T15:47:35","date_gmt":"2021-11-19T14:47:35","guid":{"rendered":"https:\/\/virgina.ms.decms.eu\/services\/e-conciergerie\/"},"modified":"2021-12-13T15:21:28","modified_gmt":"2021-12-13T14:21:28","slug":"e-conciergerie","status":"publish","type":"page","link":"https:\/\/www.hotelvirgina.com\/en\/services\/e-conciergerie\/","title":{"rendered":"E-Conciergerie"},"content":{"rendered":"<p>You want to find a good place for a romantic dinner, or know what activities to do during your stay? The Virgina hotel has an e-concierge service, offering geolocalized tourist recommendations.<\/p>\n","protected":false},"excerpt":{"rendered":"<p>You want to find a good place for a romantic dinner, or know what activities to do during your stay? The Virgina hotel has an e-concierge service, offering geolocalized tourist recommendations.<\/p>\n","protected":false},"author":5,"featured_media":0,"parent":174,"menu_order":0,"comment_status":"closed","ping_status":"closed","template":"template-default-3.php","meta":{"footnotes":""},"class_list":["post-175","page","type-page","status-publish","hentry"],"yoast_head":"<!-- This site is optimized with the Yoast SEO plugin v26.9 - https:\/\/yoast.com\/product\/yoast-seo-wordpress\/ -->\n<title>H\u00f4tel Virgina | H\u00f4tel 3 Etoiles Paris 14\u00e8me | E-Conciergerie<\/title>\n<meta name=\"description\" content=\"D\u00e9couvrez les meilleures adresses de Paris et conseils par l&#039;h\u00f4tel Virgina.\" \/>\n<meta name=\"robots\" content=\"noindex, follow\" \/>\n<meta property=\"og:locale\" content=\"en_US\" \/>\n<meta property=\"og:type\" content=\"article\" \/>\n<meta property=\"og:title\" content=\"H\u00f4tel Virgina | H\u00f4tel 3 Etoiles Paris 14\u00e8me | E-Conciergerie\" \/>\n<meta property=\"og:description\" content=\"D\u00e9couvrez les meilleures adresses de Paris et conseils par l&#039;h\u00f4tel Virgina.\" \/>\n<meta property=\"og:url\" content=\"https:\/\/www.hotelvirgina.com\/en\/services\/e-conciergerie\/\" \/>\n<meta property=\"og:site_name\" content=\"H\u00f4tel Virgina Paris\" \/>\n<meta property=\"article:modified_time\" content=\"2021-12-13T14:21:28+00:00\" \/>\n<meta name=\"twitter:card\" content=\"summary_large_image\" \/>\n<meta name=\"twitter:label1\" content=\"Est. reading time\" \/>\n\t<meta name=\"twitter:data1\" content=\"1 minute\" \/>\n<script type=\"application\/ld+json\" class=\"yoast-schema-graph\">{\"@context\":\"https:\/\/schema.org\",\"@graph\":[{\"@type\":\"WebPage\",\"@id\":\"https:\/\/www.hotelvirgina.com\/en\/services\/e-conciergerie\/\",\"url\":\"https:\/\/www.hotelvirgina.com\/en\/services\/e-conciergerie\/\",\"name\":\"H\u00f4tel Virgina | H\u00f4tel 3 Etoiles Paris 14\u00e8me | E-Conciergerie\",\"isPartOf\":{\"@id\":\"https:\/\/www.hotelvirgina.com\/en\/#website\"},\"datePublished\":\"2021-11-19T14:47:35+00:00\",\"dateModified\":\"2021-12-13T14:21:28+00:00\",\"description\":\"D\u00e9couvrez les meilleures adresses de Paris et conseils par l'h\u00f4tel Virgina.\",\"breadcrumb\":{\"@id\":\"https:\/\/www.hotelvirgina.com\/en\/services\/e-conciergerie\/#breadcrumb\"},\"inLanguage\":\"en-US\",\"potentialAction\":[{\"@type\":\"ReadAction\",\"target\":[\"https:\/\/www.hotelvirgina.com\/en\/services\/e-conciergerie\/\"]}]},{\"@type\":\"BreadcrumbList\",\"@id\":\"https:\/\/www.hotelvirgina.com\/en\/services\/e-conciergerie\/#breadcrumb\",\"itemListElement\":[{\"@type\":\"ListItem\",\"position\":1,\"name\":\"Accueil\",\"item\":\"https:\/\/www.hotelvirgina.com\/en\/\"},{\"@type\":\"ListItem\",\"position\":2,\"name\":\"Services\",\"item\":\"https:\/\/www.hotelvirgina.com\/en\/services\/\"},{\"@type\":\"ListItem\",\"position\":3,\"name\":\"E-Conciergerie\"}]},{\"@type\":\"WebSite\",\"@id\":\"https:\/\/www.hotelvirgina.com\/en\/#website\",\"url\":\"https:\/\/www.hotelvirgina.com\/en\/\",\"name\":\"H\u00f4tel Virgina Paris\",\"description\":\"Un site utilisant ms.decms.eu\",\"potentialAction\":[{\"@type\":\"SearchAction\",\"target\":{\"@type\":\"EntryPoint\",\"urlTemplate\":\"https:\/\/www.hotelvirgina.com\/en\/?s={search_term_string}\"},\"query-input\":{\"@type\":\"PropertyValueSpecification\",\"valueRequired\":true,\"valueName\":\"search_term_string\"}}],\"inLanguage\":\"en-US\"}]}<\/script>\n<!-- \/ Yoast SEO plugin. -->","yoast_head_json":{"title":"H\u00f4tel Virgina | H\u00f4tel 3 Etoiles Paris 14\u00e8me | E-Conciergerie","description":"D\u00e9couvrez les meilleures adresses de Paris et conseils par l'h\u00f4tel Virgina.","robots":{"index":"noindex","follow":"follow"},"og_locale":"en_US","og_type":"article","og_title":"H\u00f4tel Virgina | H\u00f4tel 3 Etoiles Paris 14\u00e8me | E-Conciergerie","og_description":"D\u00e9couvrez les meilleures adresses de Paris et conseils par l'h\u00f4tel Virgina.","og_url":"https:\/\/www.hotelvirgina.com\/en\/services\/e-conciergerie\/","og_site_name":"H\u00f4tel Virgina Paris","article_modified_time":"2021-12-13T14:21:28+00:00","twitter_card":"summary_large_image","twitter_misc":{"Est. reading time":"1 minute"},"schema":{"@context":"https:\/\/schema.org","@graph":[{"@type":"WebPage","@id":"https:\/\/www.hotelvirgina.com\/en\/services\/e-conciergerie\/","url":"https:\/\/www.hotelvirgina.com\/en\/services\/e-conciergerie\/","name":"H\u00f4tel Virgina | H\u00f4tel 3 Etoiles Paris 14\u00e8me | E-Conciergerie","isPartOf":{"@id":"https:\/\/www.hotelvirgina.com\/en\/#website"},"datePublished":"2021-11-19T14:47:35+00:00","dateModified":"2021-12-13T14:21:28+00:00","description":"D\u00e9couvrez les meilleures adresses de Paris et conseils par l'h\u00f4tel Virgina.","breadcrumb":{"@id":"https:\/\/www.hotelvirgina.com\/en\/services\/e-conciergerie\/#breadcrumb"},"inLanguage":"en-US","potentialAction":[{"@type":"ReadAction","target":["https:\/\/www.hotelvirgina.com\/en\/services\/e-conciergerie\/"]}]},{"@type":"BreadcrumbList","@id":"https:\/\/www.hotelvirgina.com\/en\/services\/e-conciergerie\/#breadcrumb","itemListElement":[{"@type":"ListItem","position":1,"name":"Accueil","item":"https:\/\/www.hotelvirgina.com\/en\/"},{"@type":"ListItem","position":2,"name":"Services","item":"https:\/\/www.hotelvirgina.com\/en\/services\/"},{"@type":"ListItem","position":3,"name":"E-Conciergerie"}]},{"@type":"WebSite","@id":"https:\/\/www.hotelvirgina.com\/en\/#website","url":"https:\/\/www.hotelvirgina.com\/en\/","name":"H\u00f4tel Virgina Paris","description":"Un site utilisant ms.decms.eu","potentialAction":[{"@type":"SearchAction","target":{"@type":"EntryPoint","urlTemplate":"https:\/\/www.hotelvirgina.com\/en\/?s={search_term_string}"},"query-input":{"@type":"PropertyValueSpecification","valueRequired":true,"valueName":"search_term_string"}}],"inLanguage":"en-US"}]}},"acf":[],"_links":{"self":[{"href":"https:\/\/www.hotelvirgina.com\/en\/wp-json\/wp\/v2\/pages\/175","targetHints":{"allow":["GET"]}}],"collection":[{"href":"https:\/\/www.hotelvirgina.com\/en\/wp-json\/wp\/v2\/pages"}],"about":[{"href":"https:\/\/www.hotelvirgina.com\/en\/wp-json\/wp\/v2\/types\/page"}],"author":[{"embeddable":true,"href":"https:\/\/www.hotelvirgina.com\/en\/wp-json\/wp\/v2\/users\/5"}],"replies":[{"embeddable":true,"href":"https:\/\/www.hotelvirgina.com\/en\/wp-json\/wp\/v2\/comments?post=175"}],"version-history":[{"count":0,"href":"https:\/\/www.hotelvirgina.com\/en\/wp-json\/wp\/v2\/pages\/175\/revisions"}],"up":[{"embeddable":true,"href":"https:\/\/www.hotelvirgina.com\/en\/wp-json\/wp\/v2\/pages\/174"}],"wp:attachment":[{"href":"https:\/\/www.hotelvirgina.com\/en\/wp-json\/wp\/v2\/media?parent=175"}],"curies":[{"name":"wp","href":"https:\/\/api.w.org\/{rel}","templated":true}]}}