{"id":165,"date":"2021-10-14T16:01:31","date_gmt":"2021-10-14T14:01:31","guid":{"rendered":"https:\/\/virgina.ms.decms.eu\/rooms\/chambre-confort\/"},"modified":"2025-12-22T18:34:19","modified_gmt":"2025-12-22T17:34:19","slug":"comfort-room","status":"publish","type":"page","link":"https:\/\/www.hotelvirgina.com\/en\/rooms\/comfort-room\/","title":{"rendered":"Comfort room"},"content":{"rendered":"<p>A warm and spacious room of approximately 15m\u00b2, all rooms have a bathtub with a shampoo and shower gel kit. The rooms are equipped with a king or double bed depending on the room configuration.<\/p>\n<p>&nbsp;<\/p>\n","protected":false},"excerpt":{"rendered":"<p>A warm and spacious room of approximately 15m\u00b2, all rooms have a bathtub with a shampoo and shower gel kit. The rooms are equipped with a king or double bed depending on the room configuration. &nbsp;<\/p>\n","protected":false},"author":5,"featured_media":0,"parent":160,"menu_order":40,"comment_status":"closed","ping_status":"closed","template":"template-single-room.php","meta":{"footnotes":""},"class_list":["post-165","page","type-page","status-publish","hentry"],"yoast_head":"<!-- This site is optimized with the Yoast SEO plugin v26.9 - https:\/\/yoast.com\/product\/yoast-seo-wordpress\/ -->\n<title>H\u00f4tel Virgina | H\u00f4tel 3 Etoiles Paris 14\u00e8me | Chambre Confort<\/title>\n<meta name=\"description\" content=\"D\u00e9couvrez la chambre Confort \u00e0 l&#039;h\u00f4tel Virgina. Id\u00e9ale pour un s\u00e9minaire ou un s\u00e9jour loisir. Chambre spacieuse et chaleureuse.\" \/>\n<meta name=\"robots\" content=\"noindex, follow\" \/>\n<meta property=\"og:locale\" content=\"en_US\" \/>\n<meta property=\"og:type\" content=\"article\" \/>\n<meta property=\"og:title\" content=\"H\u00f4tel Virgina | H\u00f4tel 3 Etoiles Paris 14\u00e8me | Chambre Confort\" \/>\n<meta property=\"og:description\" content=\"D\u00e9couvrez la chambre Confort \u00e0 l&#039;h\u00f4tel Virgina. Id\u00e9ale pour un s\u00e9minaire ou un s\u00e9jour loisir. Chambre spacieuse et chaleureuse.\" \/>\n<meta property=\"og:url\" content=\"https:\/\/www.hotelvirgina.com\/en\/rooms\/comfort-room\/\" \/>\n<meta property=\"og:site_name\" content=\"H\u00f4tel Virgina Paris\" \/>\n<meta property=\"article:modified_time\" content=\"2025-12-22T17:34:19+00:00\" \/>\n<meta name=\"twitter:card\" content=\"summary_large_image\" \/>\n<script type=\"application\/ld+json\" class=\"yoast-schema-graph\">{\"@context\":\"https:\/\/schema.org\",\"@graph\":[{\"@type\":\"WebPage\",\"@id\":\"https:\/\/www.hotelvirgina.com\/en\/rooms\/comfort-room\/\",\"url\":\"https:\/\/www.hotelvirgina.com\/en\/rooms\/comfort-room\/\",\"name\":\"H\u00f4tel Virgina | H\u00f4tel 3 Etoiles Paris 14\u00e8me | Chambre Confort\",\"isPartOf\":{\"@id\":\"https:\/\/www.hotelvirgina.com\/en\/#website\"},\"datePublished\":\"2021-10-14T14:01:31+00:00\",\"dateModified\":\"2025-12-22T17:34:19+00:00\",\"description\":\"D\u00e9couvrez la chambre Confort \u00e0 l'h\u00f4tel Virgina. Id\u00e9ale pour un s\u00e9minaire ou un s\u00e9jour loisir. Chambre spacieuse et chaleureuse.\",\"breadcrumb\":{\"@id\":\"https:\/\/www.hotelvirgina.com\/en\/rooms\/comfort-room\/#breadcrumb\"},\"inLanguage\":\"en-US\",\"potentialAction\":[{\"@type\":\"ReadAction\",\"target\":[\"https:\/\/www.hotelvirgina.com\/en\/rooms\/comfort-room\/\"]}]},{\"@type\":\"BreadcrumbList\",\"@id\":\"https:\/\/www.hotelvirgina.com\/en\/rooms\/comfort-room\/#breadcrumb\",\"itemListElement\":[{\"@type\":\"ListItem\",\"position\":1,\"name\":\"Accueil\",\"item\":\"https:\/\/www.hotelvirgina.com\/en\/\"},{\"@type\":\"ListItem\",\"position\":2,\"name\":\"Our rooms\",\"item\":\"https:\/\/www.hotelvirgina.com\/en\/rooms\/\"},{\"@type\":\"ListItem\",\"position\":3,\"name\":\"Comfort room\"}]},{\"@type\":\"WebSite\",\"@id\":\"https:\/\/www.hotelvirgina.com\/en\/#website\",\"url\":\"https:\/\/www.hotelvirgina.com\/en\/\",\"name\":\"H\u00f4tel Virgina Paris\",\"description\":\"Un site utilisant ms.decms.eu\",\"potentialAction\":[{\"@type\":\"SearchAction\",\"target\":{\"@type\":\"EntryPoint\",\"urlTemplate\":\"https:\/\/www.hotelvirgina.com\/en\/?s={search_term_string}\"},\"query-input\":{\"@type\":\"PropertyValueSpecification\",\"valueRequired\":true,\"valueName\":\"search_term_string\"}}],\"inLanguage\":\"en-US\"}]}<\/script>\n<!-- \/ Yoast SEO plugin. -->","yoast_head_json":{"title":"H\u00f4tel Virgina | H\u00f4tel 3 Etoiles Paris 14\u00e8me | Chambre Confort","description":"D\u00e9couvrez la chambre Confort \u00e0 l'h\u00f4tel Virgina. Id\u00e9ale pour un s\u00e9minaire ou un s\u00e9jour loisir. Chambre spacieuse et chaleureuse.","robots":{"index":"noindex","follow":"follow"},"og_locale":"en_US","og_type":"article","og_title":"H\u00f4tel Virgina | H\u00f4tel 3 Etoiles Paris 14\u00e8me | Chambre Confort","og_description":"D\u00e9couvrez la chambre Confort \u00e0 l'h\u00f4tel Virgina. Id\u00e9ale pour un s\u00e9minaire ou un s\u00e9jour loisir. Chambre spacieuse et chaleureuse.","og_url":"https:\/\/www.hotelvirgina.com\/en\/rooms\/comfort-room\/","og_site_name":"H\u00f4tel Virgina Paris","article_modified_time":"2025-12-22T17:34:19+00:00","twitter_card":"summary_large_image","schema":{"@context":"https:\/\/schema.org","@graph":[{"@type":"WebPage","@id":"https:\/\/www.hotelvirgina.com\/en\/rooms\/comfort-room\/","url":"https:\/\/www.hotelvirgina.com\/en\/rooms\/comfort-room\/","name":"H\u00f4tel Virgina | H\u00f4tel 3 Etoiles Paris 14\u00e8me | Chambre Confort","isPartOf":{"@id":"https:\/\/www.hotelvirgina.com\/en\/#website"},"datePublished":"2021-10-14T14:01:31+00:00","dateModified":"2025-12-22T17:34:19+00:00","description":"D\u00e9couvrez la chambre Confort \u00e0 l'h\u00f4tel Virgina. Id\u00e9ale pour un s\u00e9minaire ou un s\u00e9jour loisir. Chambre spacieuse et chaleureuse.","breadcrumb":{"@id":"https:\/\/www.hotelvirgina.com\/en\/rooms\/comfort-room\/#breadcrumb"},"inLanguage":"en-US","potentialAction":[{"@type":"ReadAction","target":["https:\/\/www.hotelvirgina.com\/en\/rooms\/comfort-room\/"]}]},{"@type":"BreadcrumbList","@id":"https:\/\/www.hotelvirgina.com\/en\/rooms\/comfort-room\/#breadcrumb","itemListElement":[{"@type":"ListItem","position":1,"name":"Accueil","item":"https:\/\/www.hotelvirgina.com\/en\/"},{"@type":"ListItem","position":2,"name":"Our rooms","item":"https:\/\/www.hotelvirgina.com\/en\/rooms\/"},{"@type":"ListItem","position":3,"name":"Comfort room"}]},{"@type":"WebSite","@id":"https:\/\/www.hotelvirgina.com\/en\/#website","url":"https:\/\/www.hotelvirgina.com\/en\/","name":"H\u00f4tel Virgina Paris","description":"Un site utilisant ms.decms.eu","potentialAction":[{"@type":"SearchAction","target":{"@type":"EntryPoint","urlTemplate":"https:\/\/www.hotelvirgina.com\/en\/?s={search_term_string}"},"query-input":{"@type":"PropertyValueSpecification","valueRequired":true,"valueName":"search_term_string"}}],"inLanguage":"en-US"}]}},"acf":[],"_links":{"self":[{"href":"https:\/\/www.hotelvirgina.com\/en\/wp-json\/wp\/v2\/pages\/165","targetHints":{"allow":["GET"]}}],"collection":[{"href":"https:\/\/www.hotelvirgina.com\/en\/wp-json\/wp\/v2\/pages"}],"about":[{"href":"https:\/\/www.hotelvirgina.com\/en\/wp-json\/wp\/v2\/types\/page"}],"author":[{"embeddable":true,"href":"https:\/\/www.hotelvirgina.com\/en\/wp-json\/wp\/v2\/users\/5"}],"replies":[{"embeddable":true,"href":"https:\/\/www.hotelvirgina.com\/en\/wp-json\/wp\/v2\/comments?post=165"}],"version-history":[{"count":0,"href":"https:\/\/www.hotelvirgina.com\/en\/wp-json\/wp\/v2\/pages\/165\/revisions"}],"up":[{"embeddable":true,"href":"https:\/\/www.hotelvirgina.com\/en\/wp-json\/wp\/v2\/pages\/160"}],"wp:attachment":[{"href":"https:\/\/www.hotelvirgina.com\/en\/wp-json\/wp\/v2\/media?parent=165"}],"curies":[{"name":"wp","href":"https:\/\/api.w.org\/{rel}","templated":true}]}}